{"id":19,"date":"2026-01-28T14:36:23","date_gmt":"2026-01-28T13:36:23","guid":{"rendered":"https:\/\/fseschueler15.bplaced.net\/wordpress\/?page_id=19"},"modified":"2026-03-26T09:27:04","modified_gmt":"2026-03-26T08:27:04","slug":"wechselstrom","status":"publish","type":"page","link":"https:\/\/fseschueler15.bplaced.net\/wordpress\/wechselstrom\/","title":{"rendered":"Wechselstrom"},"content":{"rendered":"\n<p>F\u00fcr das Ohmsche Gesetz siehe im Men\u00fc <a href=\"https:\/\/fseschueler15.bplaced.net\/wordpress\/gleichstrom\/\" data-type=\"page\" data-id=\"13\">Gleichstrom<\/a>.<\/p>\n\n\n\n<h2 class=\"wp-block-heading has-text-align-center has-yellow-background-color has-background\">Spannungen und Str\u00f6me<\/h2>\n\n\n\n<p>Effektivwerte<\/p>\n\n\n\n<div class=\"wp-block-math\"><math display=\"block\"><semantics><mrow><msub><mi>U<\/mi><mtext>eff<\/mtext><\/msub><mo>=<\/mo><mfrac><mover><mi>U<\/mi><mo stretchy=\"false\" class=\"tml-capshift\" style=\"math-style:normal;math-depth:0;\">^<\/mo><\/mover><msqrt><mn>2<\/mn><\/msqrt><\/mfrac><\/mrow><annotation encoding=\"application\/x-tex\">U_{\\text{eff}} = \\frac{\\hat{U}}{\\sqrt{2}}\n<\/annotation><\/semantics><\/math><\/div>\n\n\n\n<p><\/p>\n\n\n\n<div class=\"wp-block-math\"><math display=\"block\"><semantics><mrow><msub><mi>I<\/mi><mtext>eff<\/mtext><\/msub><mo>=<\/mo><mfrac><mover><mi>I<\/mi><mo stretchy=\"false\" class=\"tml-capshift\" style=\"math-style:normal;math-depth:0;\">^<\/mo><\/mover><msqrt><mn>2<\/mn><\/msqrt><\/mfrac><\/mrow><annotation encoding=\"application\/x-tex\">I_{\\text{eff}} = \\frac{\\hat{I}}{\\sqrt{2}}<\/annotation><\/semantics><\/math><\/div>\n\n\n\n<p>Kreisfrequenz<\/p>\n\n\n\n<div class=\"wp-block-math\"><math display=\"block\"><semantics><mrow><mi>f<\/mi><mo>=<\/mo><mfrac><mn>1<\/mn><mi>T<\/mi><\/mfrac><\/mrow><annotation encoding=\"application\/x-tex\">f=\\frac{1}{T}\n\n\n<\/annotation><\/semantics><\/math><\/div>\n\n\n\n<p><\/p>\n\n\n\n<div class=\"wp-block-math\"><math display=\"block\"><semantics><mrow><mi>\u03c9<\/mi><mo>=<\/mo><mn>2<\/mn><mo>\u22c5<\/mo><mi>\u03c0<\/mi><mo>\u22c5<\/mo><mi>f<\/mi><\/mrow><annotation encoding=\"application\/x-tex\">\\omega = 2 \\cdot \\pi \\cdot f<\/annotation><\/semantics><\/math><\/div>\n\n\n\n<p>Momentanwerte<\/p>\n\n\n\n<div class=\"wp-block-math\"><math display=\"block\"><semantics><mrow><mi>u<\/mi><mo form=\"prefix\" stretchy=\"false\">(<\/mo><mi>t<\/mi><mo form=\"postfix\" stretchy=\"false\">)<\/mo><mo>=<\/mo><mover><mi>U<\/mi><mo stretchy=\"false\" class=\"tml-capshift\" style=\"math-style:normal;math-depth:0;\">^<\/mo><\/mover><mo>\u22c5<\/mo><mrow><mi>sin<\/mi><mo>\u2061<\/mo><\/mrow><mo form=\"prefix\" stretchy=\"false\">(<\/mo><mi>\u03c9<\/mi><mo>\u22c5<\/mo><mi>t<\/mi><mo>+<\/mo><mi>\u03c6<\/mi><mo form=\"postfix\" stretchy=\"false\">)<\/mo><\/mrow><annotation encoding=\"application\/x-tex\">u(t) = \\hat{U} \\cdot \\sin(\\omega \\cdot t + \\varphi)<\/annotation><\/semantics><\/math><\/div>\n\n\n\n<p><\/p>\n\n\n\n<div class=\"wp-block-math\"><math display=\"block\"><semantics><mrow><mi>i<\/mi><mo form=\"prefix\" stretchy=\"false\">(<\/mo><mi>t<\/mi><mo form=\"postfix\" stretchy=\"false\">)<\/mo><mo>=<\/mo><mover><mi>I<\/mi><mo stretchy=\"false\" class=\"tml-capshift\" style=\"math-style:normal;math-depth:0;\">^<\/mo><\/mover><mo>\u22c5<\/mo><mrow><mi>sin<\/mi><mo>\u2061<\/mo><\/mrow><mo form=\"prefix\" stretchy=\"false\">(<\/mo><mi>\u03c9<\/mi><mo>\u22c5<\/mo><mi>t<\/mi><mo>+<\/mo><mi>\u03c6<\/mi><mo form=\"postfix\" stretchy=\"false\">)<\/mo><\/mrow><annotation encoding=\"application\/x-tex\">i(t) = \\hat{I} \\cdot \\sin(\\omega \\cdot t + \\varphi)<\/annotation><\/semantics><\/math><\/div>\n\n\n\n<h2 class=\"wp-block-heading has-text-align-center has-medium-pink-background-color has-background\">Widerst\u00e4nde<\/h2>\n\n\n\n<p>Widerst\u00e4nde in Ohm \u03a9<\/p>\n\n\n\n<div class=\"wp-block-math\"><math display=\"block\"><semantics><mrow><msub><mi>X<\/mi><mi>L<\/mi><\/msub><mo>=<\/mo><mn>2<\/mn><mo>\u22c5<\/mo><mi>\u03c0<\/mi><mo>\u22c5<\/mo><mi>f<\/mi><mo>\u22c5<\/mo><mi>L<\/mi><\/mrow><annotation encoding=\"application\/x-tex\">X_L = 2 \\cdot \\pi \\cdot f \\cdot L<\/annotation><\/semantics><\/math><\/div>\n\n\n\n<p><\/p>\n\n\n\n<div class=\"wp-block-math\"><math display=\"block\"><semantics><mrow><msub><mi>X<\/mi><mi>C<\/mi><\/msub><mo>=<\/mo><mfrac><mn>1<\/mn><mrow><mn>2<\/mn><mo>\u22c5<\/mo><mi>\u03c0<\/mi><mo>\u22c5<\/mo><mi>f<\/mi><mo>\u22c5<\/mo><mi>C<\/mi><\/mrow><\/mfrac><\/mrow><annotation encoding=\"application\/x-tex\">X_C = \\frac{1}{2 \\cdot \\pi \\cdot f \\cdot C}<\/annotation><\/semantics><\/math><\/div>\n\n\n\n<p><\/p>\n\n\n\n<div class=\"wp-block-math\"><math display=\"block\"><semantics><mrow><mi>Z<\/mi><mo>=<\/mo><msqrt><mrow><msup><mi>R<\/mi><mn>2<\/mn><\/msup><mo>+<\/mo><mo form=\"prefix\" stretchy=\"false\">(<\/mo><msub><mi>X<\/mi><mi>L<\/mi><\/msub><mo>\u2212<\/mo><msub><mi>X<\/mi><mi>C<\/mi><\/msub><msup><mo form=\"postfix\" stretchy=\"false\">)<\/mo><mn>2<\/mn><\/msup><\/mrow><\/msqrt><\/mrow><annotation encoding=\"application\/x-tex\">Z = \\sqrt{R^2 + (X_L &#8211; X_C)^2}<\/annotation><\/semantics><\/math><\/div>\n\n\n\n<h2 class=\"wp-block-heading has-text-align-center has-bright-blue-background-color has-background\">Leistung<\/h2>\n\n\n\n<div class=\"wp-block-math\"><math display=\"block\"><semantics><mrow><mi>P<\/mi><mo>=<\/mo><mi>U<\/mi><mo>\u22c5<\/mo><mi>I<\/mi><mo>\u22c5<\/mo><mrow><mi>cos<\/mi><mo>\u2061<\/mo><mspace width=\"0.1667em\"><\/mspace><\/mrow><mi>\u03c6<\/mi><\/mrow><annotation encoding=\"application\/x-tex\">P = U \\cdot I \\cdot \\cos \\varphi<\/annotation><\/semantics><\/math><\/div>\n\n\n\n<p><\/p>\n\n\n\n<div class=\"wp-block-math\"><math display=\"block\"><semantics><mrow><mi>Q<\/mi><mo>=<\/mo><mi>U<\/mi><mo>\u22c5<\/mo><mi>I<\/mi><mo>\u22c5<\/mo><mrow><mi>sin<\/mi><mo>\u2061<\/mo><mspace width=\"0.1667em\"><\/mspace><\/mrow><mi>\u03c6<\/mi><\/mrow><annotation encoding=\"application\/x-tex\">Q = U \\cdot I \\cdot \\sin \\varphi<\/annotation><\/semantics><\/math><\/div>\n\n\n\n<p><\/p>\n\n\n\n<div class=\"wp-block-math\"><math display=\"block\"><semantics><mrow><mi>S<\/mi><mo>=<\/mo><mi>U<\/mi><mo>\u22c5<\/mo><mi>I<\/mi><\/mrow><annotation encoding=\"application\/x-tex\">S = U \\cdot I<\/annotation><\/semantics><\/math><\/div>\n\n\n\n<p><\/p>\n\n\n\n<div class=\"wp-block-math\"><math display=\"block\"><semantics><mrow><mi>S<\/mi><mo>=<\/mo><mi>P<\/mi><mo>+<\/mo><mi>Q<\/mi><\/mrow><annotation encoding=\"application\/x-tex\">S=P+Q<\/annotation><\/semantics><\/math><\/div>\n\n\n\n<p><\/p>\n","protected":false},"excerpt":{"rendered":"<p>F\u00fcr das Ohmsche Gesetz siehe im Men\u00fc Gleichstrom. Spannungen und Str\u00f6me Effektivwerte Kreisfrequenz Momentanwerte Widerst\u00e4nde Widerst\u00e4nde in Ohm \u03a9 Leistung<\/p>\n","protected":false},"author":1,"featured_media":0,"parent":0,"menu_order":0,"comment_status":"closed","ping_status":"closed","template":"","meta":{"footnotes":""},"class_list":["post-19","page","type-page","status-publish","hentry"],"_links":{"self":[{"href":"https:\/\/fseschueler15.bplaced.net\/wordpress\/wp-json\/wp\/v2\/pages\/19","targetHints":{"allow":["GET"]}}],"collection":[{"href":"https:\/\/fseschueler15.bplaced.net\/wordpress\/wp-json\/wp\/v2\/pages"}],"about":[{"href":"https:\/\/fseschueler15.bplaced.net\/wordpress\/wp-json\/wp\/v2\/types\/page"}],"author":[{"embeddable":true,"href":"https:\/\/fseschueler15.bplaced.net\/wordpress\/wp-json\/wp\/v2\/users\/1"}],"replies":[{"embeddable":true,"href":"https:\/\/fseschueler15.bplaced.net\/wordpress\/wp-json\/wp\/v2\/comments?post=19"}],"version-history":[{"count":14,"href":"https:\/\/fseschueler15.bplaced.net\/wordpress\/wp-json\/wp\/v2\/pages\/19\/revisions"}],"predecessor-version":[{"id":84,"href":"https:\/\/fseschueler15.bplaced.net\/wordpress\/wp-json\/wp\/v2\/pages\/19\/revisions\/84"}],"wp:attachment":[{"href":"https:\/\/fseschueler15.bplaced.net\/wordpress\/wp-json\/wp\/v2\/media?parent=19"}],"curies":[{"name":"wp","href":"https:\/\/api.w.org\/{rel}","templated":true}]}}