{"id":27,"date":"2026-01-28T14:37:25","date_gmt":"2026-01-28T13:37:25","guid":{"rendered":"https:\/\/fseschueler15.bplaced.net\/wordpress\/?page_id=27"},"modified":"2026-02-27T09:55:22","modified_gmt":"2026-02-27T08:55:22","slug":"startseite","status":"publish","type":"page","link":"https:\/\/fseschueler15.bplaced.net\/wordpress\/startseite\/","title":{"rendered":"Startseite"},"content":{"rendered":"\n<p class=\"has-background\" style=\"background:linear-gradient(157deg,rgb(244,202,22) 0%,rgb(205,255,130) 99%)\">Hallo Willkommen auf meiner Gro\u00dfen Seite \u00fcber Formeln f\u00fcr Formele<\/p>\n\n\n\n<pre class=\"wp-block-code\"><code><\/code><\/pre>\n\n\n\n<div class=\"wp-block-buttons is-layout-flex wp-block-buttons-is-layout-flex\">\n<div class=\"wp-block-button\"><a class=\"wp-block-button__link wp-element-button\" href=\"https:\/\/www.youtube.com\/shorts\/_6HzLIJPH2A\">ohne Funktion<\/a><\/div>\n<\/div>\n\n\n\n<p><\/p>\n","protected":false},"excerpt":{"rendered":"<p>Hallo Willkommen auf meiner Gro\u00dfen Seite \u00fcber Formeln f\u00fcr Formele<\/p>\n","protected":false},"author":1,"featured_media":0,"parent":0,"menu_order":0,"comment_status":"closed","ping_status":"closed","template":"","meta":{"footnotes":""},"class_list":["post-27","page","type-page","status-publish","hentry"],"_links":{"self":[{"href":"https:\/\/fseschueler15.bplaced.net\/wordpress\/wp-json\/wp\/v2\/pages\/27","targetHints":{"allow":["GET"]}}],"collection":[{"href":"https:\/\/fseschueler15.bplaced.net\/wordpress\/wp-json\/wp\/v2\/pages"}],"about":[{"href":"https:\/\/fseschueler15.bplaced.net\/wordpress\/wp-json\/wp\/v2\/types\/page"}],"author":[{"embeddable":true,"href":"https:\/\/fseschueler15.bplaced.net\/wordpress\/wp-json\/wp\/v2\/users\/1"}],"replies":[{"embeddable":true,"href":"https:\/\/fseschueler15.bplaced.net\/wordpress\/wp-json\/wp\/v2\/comments?post=27"}],"version-history":[{"count":8,"href":"https:\/\/fseschueler15.bplaced.net\/wordpress\/wp-json\/wp\/v2\/pages\/27\/revisions"}],"predecessor-version":[{"id":69,"href":"https:\/\/fseschueler15.bplaced.net\/wordpress\/wp-json\/wp\/v2\/pages\/27\/revisions\/69"}],"wp:attachment":[{"href":"https:\/\/fseschueler15.bplaced.net\/wordpress\/wp-json\/wp\/v2\/media?parent=27"}],"curies":[{"name":"wp","href":"https:\/\/api.w.org\/{rel}","templated":true}]}}